{"id":176,"date":"2018-10-05T08:51:21","date_gmt":"2018-10-05T08:51:21","guid":{"rendered":"http:\/\/demo.rarathemes.com\/the-conference-pro\/?page_id=176"},"modified":"2018-10-05T08:51:21","modified_gmt":"2018-10-05T08:51:21","slug":"about-us-2","status":"publish","type":"page","link":"https:\/\/c-dl.fr\/index.php\/about-us-2\/","title":{"rendered":"About Us"},"content":{"rendered":"<p>A convention, in the sense of a meeting, is a gathering of individuals who meet at an arranged place and time in order to discuss or engage in some common interest. The most common conventions are based upon industry, profession, and fandom. Trade conventions typically focus on a particular industry or industry segment, and feature keynote speakers.<\/p>\n<p>Professional conventions focus on issues of concern along with advancements related to the profession. Such conventions are generally organized by societies or communities dedicated to promotion of the topic of interest. Fan conventions usually feature displays, shows, and sales based on pop culture and guest celebrities. Science fiction conventions traditionally partake of the nature of both professional conventions. Professional conventions focus on issues of concern along with advancements related to the profession.The most common conventions are based upon industry, profession, and fandom.<\/p>\n","protected":false},"excerpt":{"rendered":"<p>A convention, in the sense of a meeting, is a gathering of individuals who meet at an arranged place and time in order to discuss or engage in some common interest. The most common conventions are based upon industry, profession, and fandom. Trade conventions typically focus on a particular industry or industry segment, and feature keynote speakers.<\/p>\n<p>Professional conventions focus on issues of concern along with advancements related to the profession. Such conventions are generally organized by societies or communities dedicated to promotion of the topic of interest. Fan conventions usually feature displays, shows, and sales based on pop culture and guest celebrities. Science fiction conventions traditionally partake of the nature of both professional conventions.<\/p>\n","protected":false},"author":1,"featured_media":41,"parent":0,"menu_order":0,"comment_status":"closed","ping_status":"closed","template":"templates\/about.php","meta":{"footnotes":""},"class_list":["post-176","page","type-page","status-publish","has-post-thumbnail","hentry","latest_post"],"yoast_head":"<!-- This site is optimized with the Yoast SEO plugin v27.5 - https:\/\/yoast.com\/product\/yoast-seo-wordpress\/ -->\n<title>About Us - Conf\u00e9rence des Laur\u00e9ats du Digital Learning<\/title>\n<meta name=\"robots\" content=\"index, follow, max-snippet:-1, max-image-preview:large, max-video-preview:-1\" \/>\n<link rel=\"canonical\" href=\"https:\/\/c-dl.fr\/index.php\/about-us-2\/\" \/>\n<meta property=\"og:locale\" content=\"fr_FR\" \/>\n<meta property=\"og:type\" content=\"article\" \/>\n<meta property=\"og:title\" content=\"About Us - Conf\u00e9rence des Laur\u00e9ats du Digital Learning\" \/>\n<meta property=\"og:description\" content=\"A convention, in the sense of a meeting, is a gathering of individuals who meet at an arranged place and time in order to discuss or engage in some common interest. The most common conventions are based upon industry, profession, and fandom. Trade conventions typically focus on a particular industry or industry segment, and feature keynote speakers. Professional conventions focus on issues of concern along with advancements related to the profession. Such conventions are generally organized by societies or communities dedicated to promotion of the topic of interest. Fan conventions usually feature displays, shows, and sales based on pop culture and guest celebrities. Science fiction conventions traditionally partake of the nature of both professional conventions.\" \/>\n<meta property=\"og:url\" content=\"https:\/\/c-dl.fr\/index.php\/about-us-2\/\" \/>\n<meta property=\"og:site_name\" content=\"Conf\u00e9rence des Laur\u00e9ats du Digital Learning\" \/>\n<meta name=\"twitter:card\" content=\"summary_large_image\" \/>\n<meta name=\"twitter:label1\" content=\"Dur\u00e9e de lecture estim\u00e9e\" \/>\n\t<meta name=\"twitter:data1\" content=\"1 minute\" \/>\n<script type=\"application\/ld+json\" class=\"yoast-schema-graph\">{\"@context\":\"https:\\\/\\\/schema.org\",\"@graph\":[{\"@type\":\"WebPage\",\"@id\":\"https:\\\/\\\/c-dl.fr\\\/index.php\\\/about-us-2\\\/\",\"url\":\"https:\\\/\\\/c-dl.fr\\\/index.php\\\/about-us-2\\\/\",\"name\":\"About Us - Conf\u00e9rence des Laur\u00e9ats du Digital Learning\",\"isPartOf\":{\"@id\":\"https:\\\/\\\/c-dl.fr\\\/#website\"},\"primaryImageOfPage\":{\"@id\":\"https:\\\/\\\/c-dl.fr\\\/index.php\\\/about-us-2\\\/#primaryimage\"},\"image\":{\"@id\":\"https:\\\/\\\/c-dl.fr\\\/index.php\\\/about-us-2\\\/#primaryimage\"},\"thumbnailUrl\":\"\",\"datePublished\":\"2018-10-05T08:51:21+00:00\",\"breadcrumb\":{\"@id\":\"https:\\\/\\\/c-dl.fr\\\/index.php\\\/about-us-2\\\/#breadcrumb\"},\"inLanguage\":\"fr-FR\",\"potentialAction\":[{\"@type\":\"ReadAction\",\"target\":[\"https:\\\/\\\/c-dl.fr\\\/index.php\\\/about-us-2\\\/\"]}]},{\"@type\":\"ImageObject\",\"inLanguage\":\"fr-FR\",\"@id\":\"https:\\\/\\\/c-dl.fr\\\/index.php\\\/about-us-2\\\/#primaryimage\",\"url\":\"\",\"contentUrl\":\"\"},{\"@type\":\"BreadcrumbList\",\"@id\":\"https:\\\/\\\/c-dl.fr\\\/index.php\\\/about-us-2\\\/#breadcrumb\",\"itemListElement\":[{\"@type\":\"ListItem\",\"position\":1,\"name\":\"Home\",\"item\":\"https:\\\/\\\/c-dl.fr\\\/\"},{\"@type\":\"ListItem\",\"position\":2,\"name\":\"About Us\"}]},{\"@type\":\"WebSite\",\"@id\":\"https:\\\/\\\/c-dl.fr\\\/#website\",\"url\":\"https:\\\/\\\/c-dl.fr\\\/\",\"name\":\"Conf\u00e9rence des Laur\u00e9ats du Digital Learning\",\"description\":\"Projets r\u00e9ussis, meilleures pratiques, strat\u00e9gies digital learning, innovations\",\"publisher\":{\"@id\":\"https:\\\/\\\/c-dl.fr\\\/#organization\"},\"potentialAction\":[{\"@type\":\"SearchAction\",\"target\":{\"@type\":\"EntryPoint\",\"urlTemplate\":\"https:\\\/\\\/c-dl.fr\\\/?s={search_term_string}\"},\"query-input\":{\"@type\":\"PropertyValueSpecification\",\"valueRequired\":true,\"valueName\":\"search_term_string\"}}],\"inLanguage\":\"fr-FR\"},{\"@type\":\"Organization\",\"@id\":\"https:\\\/\\\/c-dl.fr\\\/#organization\",\"name\":\"Conf\u00e9rence des Laur\u00e9ats du Digital Learning\",\"url\":\"https:\\\/\\\/c-dl.fr\\\/\",\"logo\":{\"@type\":\"ImageObject\",\"inLanguage\":\"fr-FR\",\"@id\":\"https:\\\/\\\/c-dl.fr\\\/#\\\/schema\\\/logo\\\/image\\\/\",\"url\":\"https:\\\/\\\/c-dl.fr\\\/wp-content\\\/uploads\\\/2023\\\/08\\\/cropped-logo-2022-v5-travail.png\",\"contentUrl\":\"https:\\\/\\\/c-dl.fr\\\/wp-content\\\/uploads\\\/2023\\\/08\\\/cropped-logo-2022-v5-travail.png\",\"width\":739,\"height\":293,\"caption\":\"Conf\u00e9rence des Laur\u00e9ats du Digital Learning\"},\"image\":{\"@id\":\"https:\\\/\\\/c-dl.fr\\\/#\\\/schema\\\/logo\\\/image\\\/\"}}]}<\/script>\n<!-- \/ Yoast SEO plugin. -->","yoast_head_json":{"title":"About Us - Conf\u00e9rence des Laur\u00e9ats du Digital Learning","robots":{"index":"index","follow":"follow","max-snippet":"max-snippet:-1","max-image-preview":"max-image-preview:large","max-video-preview":"max-video-preview:-1"},"canonical":"https:\/\/c-dl.fr\/index.php\/about-us-2\/","og_locale":"fr_FR","og_type":"article","og_title":"About Us - Conf\u00e9rence des Laur\u00e9ats du Digital Learning","og_description":"A convention, in the sense of a meeting, is a gathering of individuals who meet at an arranged place and time in order to discuss or engage in some common interest. The most common conventions are based upon industry, profession, and fandom. Trade conventions typically focus on a particular industry or industry segment, and feature keynote speakers. Professional conventions focus on issues of concern along with advancements related to the profession. Such conventions are generally organized by societies or communities dedicated to promotion of the topic of interest. Fan conventions usually feature displays, shows, and sales based on pop culture and guest celebrities. Science fiction conventions traditionally partake of the nature of both professional conventions.","og_url":"https:\/\/c-dl.fr\/index.php\/about-us-2\/","og_site_name":"Conf\u00e9rence des Laur\u00e9ats du Digital Learning","twitter_card":"summary_large_image","twitter_misc":{"Dur\u00e9e de lecture estim\u00e9e":"1 minute"},"schema":{"@context":"https:\/\/schema.org","@graph":[{"@type":"WebPage","@id":"https:\/\/c-dl.fr\/index.php\/about-us-2\/","url":"https:\/\/c-dl.fr\/index.php\/about-us-2\/","name":"About Us - Conf\u00e9rence des Laur\u00e9ats du Digital Learning","isPartOf":{"@id":"https:\/\/c-dl.fr\/#website"},"primaryImageOfPage":{"@id":"https:\/\/c-dl.fr\/index.php\/about-us-2\/#primaryimage"},"image":{"@id":"https:\/\/c-dl.fr\/index.php\/about-us-2\/#primaryimage"},"thumbnailUrl":"","datePublished":"2018-10-05T08:51:21+00:00","breadcrumb":{"@id":"https:\/\/c-dl.fr\/index.php\/about-us-2\/#breadcrumb"},"inLanguage":"fr-FR","potentialAction":[{"@type":"ReadAction","target":["https:\/\/c-dl.fr\/index.php\/about-us-2\/"]}]},{"@type":"ImageObject","inLanguage":"fr-FR","@id":"https:\/\/c-dl.fr\/index.php\/about-us-2\/#primaryimage","url":"","contentUrl":""},{"@type":"BreadcrumbList","@id":"https:\/\/c-dl.fr\/index.php\/about-us-2\/#breadcrumb","itemListElement":[{"@type":"ListItem","position":1,"name":"Home","item":"https:\/\/c-dl.fr\/"},{"@type":"ListItem","position":2,"name":"About Us"}]},{"@type":"WebSite","@id":"https:\/\/c-dl.fr\/#website","url":"https:\/\/c-dl.fr\/","name":"Conf\u00e9rence des Laur\u00e9ats du Digital Learning","description":"Projets r\u00e9ussis, meilleures pratiques, strat\u00e9gies digital learning, innovations","publisher":{"@id":"https:\/\/c-dl.fr\/#organization"},"potentialAction":[{"@type":"SearchAction","target":{"@type":"EntryPoint","urlTemplate":"https:\/\/c-dl.fr\/?s={search_term_string}"},"query-input":{"@type":"PropertyValueSpecification","valueRequired":true,"valueName":"search_term_string"}}],"inLanguage":"fr-FR"},{"@type":"Organization","@id":"https:\/\/c-dl.fr\/#organization","name":"Conf\u00e9rence des Laur\u00e9ats du Digital Learning","url":"https:\/\/c-dl.fr\/","logo":{"@type":"ImageObject","inLanguage":"fr-FR","@id":"https:\/\/c-dl.fr\/#\/schema\/logo\/image\/","url":"https:\/\/c-dl.fr\/wp-content\/uploads\/2023\/08\/cropped-logo-2022-v5-travail.png","contentUrl":"https:\/\/c-dl.fr\/wp-content\/uploads\/2023\/08\/cropped-logo-2022-v5-travail.png","width":739,"height":293,"caption":"Conf\u00e9rence des Laur\u00e9ats du Digital Learning"},"image":{"@id":"https:\/\/c-dl.fr\/#\/schema\/logo\/image\/"}}]}},"_links":{"self":[{"href":"https:\/\/c-dl.fr\/index.php\/wp-json\/wp\/v2\/pages\/176","targetHints":{"allow":["GET"]}}],"collection":[{"href":"https:\/\/c-dl.fr\/index.php\/wp-json\/wp\/v2\/pages"}],"about":[{"href":"https:\/\/c-dl.fr\/index.php\/wp-json\/wp\/v2\/types\/page"}],"author":[{"embeddable":true,"href":"https:\/\/c-dl.fr\/index.php\/wp-json\/wp\/v2\/users\/1"}],"replies":[{"embeddable":true,"href":"https:\/\/c-dl.fr\/index.php\/wp-json\/wp\/v2\/comments?post=176"}],"version-history":[{"count":0,"href":"https:\/\/c-dl.fr\/index.php\/wp-json\/wp\/v2\/pages\/176\/revisions"}],"wp:featuredmedia":[{"embeddable":true,"href":"https:\/\/c-dl.fr\/index.php\/wp-json\/wp\/v2\/menu-items\/41"}],"wp:attachment":[{"href":"https:\/\/c-dl.fr\/index.php\/wp-json\/wp\/v2\/media?parent=176"}],"curies":[{"name":"wp","href":"https:\/\/api.w.org\/{rel}","templated":true}]}}